{"id":9,"date":"2024-03-06T21:25:17","date_gmt":"2024-03-06T20:25:17","guid":{"rendered":"https:\/\/mindfulgiants.de\/?page_id=9"},"modified":"2025-03-27T19:06:48","modified_gmt":"2025-03-27T18:06:48","slug":"uber-uns","status":"publish","type":"page","link":"https:\/\/mindfulgiants.de\/","title":{"rendered":"HOME"},"content":{"rendered":"\n<p class=\"has-x-large-font-size\"><strong>Lebe bewusst. St\u00e4rke gezielt. Werde ein Mindful Giant.<\/strong><\/p>\n\n\n\n<p class=\"has-medium-font-size\"><strong>Jede Familie ist einzigartig &#8211; wir beraten und begleiten euch auf eurem Weg!<\/strong><\/p>\n\n\n\n<p class=\"has-medium-font-size\"><strong>Wer sind die Mindful Giants?<\/strong><\/p>\n\n\n\n<p>Die Mindful Giants seid ihr! Bei Mindful Giants stehen Eltern im Mittelpunkt, die ihre Kinder authentisch und mit Leichtigkeit auf ihrem Weg ins Leben unterst\u00fctzen m\u00f6chten.<\/p>\n\n\n\n<p>&#8220;Erziehung&#8221; stellt oft die ganze Familie vor immer neue Herausforderungen. Jedes Kind bringt eigene St\u00e4rken, Bed\u00fcrfnisse und Herausforderungen mit &#8211; und genau hier setzen wir an!<\/p>\n\n\n\n<p>Bei Mindful Giants begleiten wir euch individuell, weil wir wissen, dass es keine Patentl\u00f6sungen gibt. Gemeinsam mit euch hinterfragen wir Denkmuster und Glaubenss\u00e4tze f\u00fcr mehr Leichtigkeit im Familienalltag &#8211; wir helfen euch dabei, einen Weg zu finden, der zu euch passt.<\/p>\n\n\n\n<p class=\"has-medium-font-size\"><strong>Woran glauben wir?<\/strong><\/p>\n\n\n\n<p>Unser Ziel ist es, euch als Familie stark zu machen. <\/p>\n\n\n\n<p>Bei Mindful Giants glauben wir daran, dass das richtige Mindset euch hilft, euren individuellen Weg zu einer authentischen Erziehung und einem harmonischen Familienleben zu finden.<\/p>\n\n\n\n<p>Ganz praktisch: Wir wollen euch unn\u00f6tige Umwege und Zeitverschwendung mit sinnlosem Ausprobieren und Scheitern ersparen.<\/p>\n\n\n\n<p>Wir geben euch Strategien und Tools an die Hand, mit denen ihr eure Kinder sinnvoll st\u00e4rken und begleiten k\u00f6nnt.<\/p>\n\n\n\n<p class=\"has-medium-font-size\"><strong>Wer steckt hinter Mindful Giants?<\/strong><\/p>\n\n\n\n<p>Wir sind Melinda und Nina und beide im Bildungsbereich t\u00e4tig. Beratung und Kommunikation geh\u00f6ren zu unserer t\u00e4glichen Arbeit. Menschen zu begeistern und zu motivieren ist unser Kerngesch\u00e4ft.<\/p>\n\n\n\n<p>Als Kolleginnen haben wir bereits eng und vertrauensvoll zusammengearbeitet. Bei gemeinsamen Yogaeinheiten, Aus- und Fortbildungen kamen wir schlie\u00dflich auf die Idee Mindful Giants gemeinsam zum Leben zu erwecken .<\/p>\n\n\n\n<p>Mindful Giants ist f\u00fcr uns mehr als nur ein Unternehmen &#8211; es ist unser Herzensprojekt!<\/p>\n\n\n\n<p class=\"has-medium-font-size\"><strong>Was bieten wir?<\/strong><\/p>\n\n\n\n<ul class=\"wp-block-list\">\n<li>Individuelle Begleitung und pers\u00f6nliche Beratung &#8211; abgestimmt auf die Bed\u00fcrfnisse eures Kindes und eurer Familie<\/li>\n\n\n\n<li>&#8220;Abenteuer mit Calli &amp; Carlotta&#8221; &#8211; Mitmach-Geschichten zur F\u00f6rderung von Selbstbewusstsein, Konzentration und Sozialkompetenz  (<a href=\"https:\/\/mindfulchameleons.de\">https:\/\/mindfulchameleons.de<\/a>)<\/li>\n\n\n\n<li>Gesunde Ern\u00e4hrung im Familienalltag &#8211; kreative Lunchbox-Ideen und praktische Tipps f\u00fcr stressfreie Mahlzeiten<\/li>\n\n\n\n<li>Bewegung und Entspannung f\u00fcr Gro\u00df und Klein &#8211; Yoga, Pilates, Autogenes Training und PMR f\u00fcr eine ausgeglichene Familie<\/li>\n\n\n\n<li>Familienfreundliche Routinen &#8211; gemeinsame Strukturen entwickeln, die den Alltag erleichtern<\/li>\n\n\n\n<li>Individualisierte Fantasiereisen und Traumgeschichten &#8211; auf euch und euer Kind abgestimmte Entspannungserlebnisse<\/li>\n<\/ul>\n\n\n\n<p><strong>Warum Mindful Giants?<\/strong><\/p>\n\n\n\n<p id=\"block-7b26ed09-165e-46c1-ab16-0f82fc5cca77\">&#8230;weil wir verstehen, dass jede Familie einzigartig ist und ihre eigenen Herausforderungen und Ziele hat.<\/p>\n\n\n\n<p>&#8230;weil wir vom Individuum ausgehen und sich unsere Programme flexibel den Familien anpassen.<\/p>\n\n\n\n<p>&#8230;weil wir dir keine fertigen L\u00f6sungen pr\u00e4sentieren, da diese erfahrungsgem\u00e4\u00df oft nicht langfristig in euer Leben integriert werden k\u00f6nnen.<\/p>\n\n\n\n<p>&#8230;weil wir euch helfen, euch selbst zu helfen und somit von uns und allen anderen Anbietern unabh\u00e4ngig zu werden.<\/p>\n\n\n\n<p class=\"has-medium-font-size\"><strong>Bist du bereit, deinen Weg mit uns zu gehen?&nbsp;<\/strong><\/p>\n\n\n\n<p>Taucht ein in die Welt von Mindful Giants und entdeckt, wie viel Potenzial in eurer Familie  steckt. Entdeckt auch unseren Kinderbereich, die Mindful Chameleons, sowie unseren Teenagerbereich, die Mindful Rebels. <\/p>\n\n\n\n<p>Kontaktiert uns jetzt unter <strong>hello@mindfulgiants.de<\/strong> und startet euren authentischen Weg bequem von zu Hause aus, angepasst an euer Tempo, abgestimmt auf eure Bed\u00fcrfnisse.<\/p>\n\n\n\n<p class=\"has-medium-font-size\"><strong>Lebe bewusst. St\u00e4rke gezielt. Werde zum Mindful Giant.<\/strong><\/p>\n","protected":false},"excerpt":{"rendered":"<p>Lebe bewusst. St\u00e4rke gezielt. Werde ein Mindful Giant. Jede Familie ist einzigartig &#8211; wir beraten und begleiten euch auf eurem Weg! Wer sind die Mindful Giants? Die Mindful Giants seid ihr! Bei Mindful Giants stehen Eltern im Mittelpunkt, die ihre [&hellip;]<\/p>\n","protected":false},"author":1,"featured_media":0,"parent":0,"menu_order":0,"comment_status":"closed","ping_status":"closed","template":"","meta":{"footnotes":""},"class_list":["post-9","page","type-page","status-publish","hentry"],"_links":{"self":[{"href":"https:\/\/mindfulgiants.de\/index.php?rest_route=\/wp\/v2\/pages\/9","targetHints":{"allow":["GET"]}}],"collection":[{"href":"https:\/\/mindfulgiants.de\/index.php?rest_route=\/wp\/v2\/pages"}],"about":[{"href":"https:\/\/mindfulgiants.de\/index.php?rest_route=\/wp\/v2\/types\/page"}],"author":[{"embeddable":true,"href":"https:\/\/mindfulgiants.de\/index.php?rest_route=\/wp\/v2\/users\/1"}],"replies":[{"embeddable":true,"href":"https:\/\/mindfulgiants.de\/index.php?rest_route=%2Fwp%2Fv2%2Fcomments&post=9"}],"version-history":[{"count":26,"href":"https:\/\/mindfulgiants.de\/index.php?rest_route=\/wp\/v2\/pages\/9\/revisions"}],"predecessor-version":[{"id":157,"href":"https:\/\/mindfulgiants.de\/index.php?rest_route=\/wp\/v2\/pages\/9\/revisions\/157"}],"wp:attachment":[{"href":"https:\/\/mindfulgiants.de\/index.php?rest_route=%2Fwp%2Fv2%2Fmedia&parent=9"}],"curies":[{"name":"wp","href":"https:\/\/api.w.org\/{rel}","templated":true}]}}